{"id":67650,"date":"2023-02-16T00:22:51","date_gmt":"2023-02-15T23:22:51","guid":{"rendered":"https:\/\/easyprof.com\/?page_id=67650"},"modified":"2023-02-16T01:25:27","modified_gmt":"2023-02-16T00:25:27","slug":"informations-legales","status":"publish","type":"page","link":"https:\/\/www.easyprof.com\/fr\/informations-legales\/","title":{"rendered":"Informations l\u00e9gales"},"content":{"rendered":"\t\t<div data-elementor-type=\"wp-page\" data-elementor-id=\"67650\" class=\"elementor elementor-67650\" data-elementor-post-type=\"page\">\n\t\t\t\t\t\t<section class=\"elementor-section elementor-top-section elementor-element elementor-element-cf0ae63 elementor-section-boxed elementor-section-height-default elementor-section-height-default\" data-id=\"cf0ae63\" data-element_type=\"section\">\n\t\t\t\t\t\t<div class=\"elementor-container elementor-column-gap-default\">\n\t\t\t\t\t<div class=\"elementor-column elementor-col-100 elementor-top-column elementor-element elementor-element-80cbb77\" data-id=\"80cbb77\" data-element_type=\"column\">\n\t\t\t<div class=\"elementor-widget-wrap elementor-element-populated\">\n\t\t\t\t\t\t<div class=\"elementor-element elementor-element-525ff03 elementor-widget elementor-widget-heading\" data-id=\"525ff03\" data-element_type=\"widget\" data-widget_type=\"heading.default\">\n\t\t\t\t<div class=\"elementor-widget-container\">\n\t\t\t\t\t<h2 class=\"elementor-heading-title elementor-size-default\">1 \u2013 \u00c9dition du site<\/h2>\t\t\t\t<\/div>\n\t\t\t\t<\/div>\n\t\t\t\t<div class=\"elementor-element elementor-element-0bd06fb elementor-widget elementor-widget-text-editor\" data-id=\"0bd06fb\" data-element_type=\"widget\" data-widget_type=\"text-editor.default\">\n\t\t\t\t<div class=\"elementor-widget-container\">\n\t\t\t\t\t\t\t\t\t<p>En vertu de\u00a0<a href=\"https:\/\/www.legifrance.gouv.fr\/affichTexte.do?cidTexte=JORFTEXT000000801164#LEGIARTI000042038977\"><strong>l\u2019article 6 de la loi n\u00b0 2004-575 du 21 juin 2004<\/strong><\/a>\u00a0pour la confiance dans l\u2019\u00e9conomie num\u00e9rique, il est pr\u00e9cis\u00e9 aux utilisateurs du site internet\u00a0<strong><a href=\"https:\/\/easyprof.com\">easyprof.com<\/a><\/strong>, l\u2019identit\u00e9 des diff\u00e9rents intervenants dans le cadre de sa r\u00e9alisation et de son suivi:<\/p><p><strong>Propri\u00e9taire du site : INNOVATIVE TRAINING ACADEMY\u00a0<\/strong><br \/>Contact : <strong><a href=\"mailto:sales@easyprof.com\"><span class=\"elementor-icon-list-text\">sales@easyprof.com<\/span><\/a><\/strong><br \/>Adresse : <strong>10 RUE DE LABORDE 75008 PARIS<\/strong><\/p><p><strong>Identification de l\u2019entreprise : INNOVATIVE TRAINING ACADEMY\u00a0<\/strong> \u2013 Adresse : <strong>10 RUE DE LABORDE 75008 PARIS<\/strong><strong>, immatricul\u00e9e sous le n\u00b0 de SIRET 80165121700037 avec pour code APE : 5829C et dont Madame MARIE-CHRISTINE JENE est le repr\u00e9sentant l\u00e9gal avec pour email de contact :<br \/><a href=\"mailto:sales@easyprof.com\"><span class=\"elementor-icon-list-text\">sales@easyprof.com<\/span><\/a><br \/><\/strong><\/p><p><strong>Directeur de la publication : MARIE-CHRISTINE JENE<\/strong>\u2013 Contact : <strong><a href=\"mailto:sales@easyprof.com\"><span class=\"elementor-icon-list-text\">sales@easyprof.com<\/span><\/a><\/strong><\/p><p><strong>R\u00e9alisation du site :\u00a0<\/strong>Le site internet \u00a0<strong><a href=\"https:\/\/easyprof.com\">easyprof.com<\/a><\/strong> est une production de <strong>INNOVATIVE TRAINING ACADEMY<\/strong><\/p><p><strong>H\u00e9bergeur : 10dencehispahard<\/strong><\/p><ul class=\"list06 adr\"><li class=\"ico-razon\"><strong class=\"subtitle-einforma02\">Raz\u00f3n Social<\/strong>: 10dencehispahard SL<\/li><li class=\"ico-cif\"><div class=\"collapsible first\"><strong class=\"subtitle-einforma02\">CIF<\/strong>: B62844725<\/div><\/li><li class=\"ico-telefono\"><div class=\"collapsible first\"><strong class=\"subtitle-einforma02\">Tel\u00e9fono<\/strong>:\u00a0<span class=\"tel\">935677577<\/span><\/div><\/li><li class=\"ico-telefono\"><div class=\"collapsible first\"><strong class=\"subtitle-einforma02\">Otros tel\u00e9fonos<\/strong>: 937653268, 937611042, 937619401<\/div><\/li><li class=\"ico-domicilio\"><strong class=\"subtitle-einforma02\">Domicilio Social<\/strong>: Calle Girona, 81 \u2013 83 LOCAL 6, Malgrat de Mar, 08380, Barcelona<\/li><li class=\"ico-email\"><strong class=\"subtitle-einforma02\">Email<\/strong>:\u00a0<a title=\"info@cdmon.com\" href=\"mailto:info@cdmon.com?subject=Contacto%20desde%20https:\/\/empresite.eleconomista.es\" target=\"_blank\" rel=\"nofollow noopener noreferrer\"><span class=\"email\">info@cdmon.com<\/span><\/a><\/li><li class=\"ico-web\"><strong class=\"subtitle-einforma02\">Web<\/strong>:\u00a0<span class=\"website\"><a title=\"http:\/\/www.cdmon.com\" href=\"http:\/\/www.cdmon.com\/\" target=\"_blank\" rel=\"noopener noreferrer nofollow external\" data-wpel-link=\"external\">www.cdmon.com<\/a><\/span><\/li><li class=\"ico-objeto\"><strong class=\"subtitle-einforma02\">Objeto Social<\/strong>:\u00a0<span class=\"category\">Proveedor de servicios inform\u00e1ticos. registro de dominios y alojamientos web<\/span><\/li><li class=\"ico-fax\"><strong class=\"subtitle-einforma02\">Fax<\/strong>: 937614977<\/li><li class=\"ico-forma\"><strong class=\"subtitle-einforma02\">Forma jur\u00eddica<\/strong>: Sociedad limitada<\/li><li class=\"ico-objeto\"><strong class=\"subtitle-einforma02\">Actividad<\/strong>: Otras actividades relacionadas con la inform\u00e1tica<\/li><li class=\"ico-objeto\"><strong class=\"subtitle-einforma02\">Actividad CNAE<\/strong>: 6209 \u2013 Otros servicios relacionados con las tecnolog\u00edas de la informaci\u00f3n y la inform\u00e1tica<\/li><\/ul><p><strong>D\u00e9l\u00e9gu\u00e9 \u00e0 la protection des donn\u00e9es : MARIE-CHRISTINE JENE \u2013 Contact :\u00a0 <a href=\"mailto:sales@easyprof.com\"><span class=\"elementor-icon-list-text\">sales@easyprof.com<\/span><\/a><\/strong><\/p>\t\t\t\t\t\t\t\t<\/div>\n\t\t\t\t<\/div>\n\t\t\t\t\t<\/div>\n\t\t<\/div>\n\t\t\t\t\t<\/div>\n\t\t<\/section>\n\t\t\t\t<section class=\"elementor-section elementor-top-section elementor-element elementor-element-d1494dc elementor-section-boxed elementor-section-height-default elementor-section-height-default\" data-id=\"d1494dc\" data-element_type=\"section\">\n\t\t\t\t\t\t<div class=\"elementor-container elementor-column-gap-default\">\n\t\t\t\t\t<div class=\"elementor-column elementor-col-100 elementor-top-column elementor-element elementor-element-b2597d6\" data-id=\"b2597d6\" data-element_type=\"column\">\n\t\t\t<div class=\"elementor-widget-wrap elementor-element-populated\">\n\t\t\t\t\t\t<div class=\"elementor-element elementor-element-d6279b6 elementor-widget elementor-widget-heading\" data-id=\"d6279b6\" data-element_type=\"widget\" data-widget_type=\"heading.default\">\n\t\t\t\t<div class=\"elementor-widget-container\">\n\t\t\t\t\t<h2 class=\"elementor-heading-title elementor-size-default\">2 \u2013 Propri\u00e9t\u00e9 intellectuelle et contrefa\u00e7ons.<\/h2>\t\t\t\t<\/div>\n\t\t\t\t<\/div>\n\t\t\t\t<div class=\"elementor-element elementor-element-1ade86f elementor-widget elementor-widget-text-editor\" data-id=\"1ade86f\" data-element_type=\"widget\" data-widget_type=\"text-editor.default\">\n\t\t\t\t<div class=\"elementor-widget-container\">\n\t\t\t\t\t\t\t\t\t<p><strong>MARIE-CHRISTINE JENE <\/strong>est propri\u00e9taire des droits de propri\u00e9t\u00e9 intellectuelle et d\u00e9tient les droits d\u2019usage sur tous les \u00e9l\u00e9ments accessibles sur le site internet, notamment les textes, images, graphismes, logos, vid\u00e9os, architecture, ic\u00f4nes et sons.<\/p><p>Toute reproduction, repr\u00e9sentation, modification, publication, adaptation de tout ou partie des \u00e9l\u00e9ments du site, quel que soit le moyen ou le proc\u00e9d\u00e9 utilis\u00e9, est interdite, sauf autorisation \u00e9crite pr\u00e9alable de <strong>MARIE-CHRISTINE JENE.<\/strong><\/p><p>Toute exploitation non autoris\u00e9e du site ou de l\u2019un des \u00e9l\u00e9ments qu\u2019il contient sera consid\u00e9r\u00e9e comme constitutive d\u2019une contrefa\u00e7on et poursuivie conform\u00e9ment aux dispositions des articles\u00a0<a href=\"https:\/\/www.legifrance.gouv.fr\/affichCodeArticle.do?idArticle=LEGIARTI000032655082&amp;cidTexte=LEGITEXT000006069414&amp;dateTexte=20160605\"><strong>L.335-2 et suivants du Code de Propri\u00e9t\u00e9 Intellectuelle<\/strong><\/a>.<\/p>\t\t\t\t\t\t\t\t<\/div>\n\t\t\t\t<\/div>\n\t\t\t\t\t<\/div>\n\t\t<\/div>\n\t\t\t\t\t<\/div>\n\t\t<\/section>\n\t\t\t\t<section class=\"elementor-section elementor-top-section elementor-element elementor-element-3e44a87 elementor-section-boxed elementor-section-height-default elementor-section-height-default\" data-id=\"3e44a87\" data-element_type=\"section\">\n\t\t\t\t\t\t<div class=\"elementor-container elementor-column-gap-default\">\n\t\t\t\t\t<div class=\"elementor-column elementor-col-100 elementor-top-column elementor-element elementor-element-cadbb3d\" data-id=\"cadbb3d\" data-element_type=\"column\">\n\t\t\t<div class=\"elementor-widget-wrap elementor-element-populated\">\n\t\t\t\t\t\t<div class=\"elementor-element elementor-element-0e5aabf elementor-widget elementor-widget-heading\" data-id=\"0e5aabf\" data-element_type=\"widget\" data-widget_type=\"heading.default\">\n\t\t\t\t<div class=\"elementor-widget-container\">\n\t\t\t\t\t<h2 class=\"elementor-heading-title elementor-size-default\">3 \u2013 Limitations de responsabilit\u00e9.<\/h2>\t\t\t\t<\/div>\n\t\t\t\t<\/div>\n\t\t\t\t<div class=\"elementor-element elementor-element-e6954e4 elementor-widget elementor-widget-text-editor\" data-id=\"e6954e4\" data-element_type=\"widget\" data-widget_type=\"text-editor.default\">\n\t\t\t\t<div class=\"elementor-widget-container\">\n\t\t\t\t\t\t\t\t\t<p><strong>MARIE-CHRISTINE JENE<\/strong> ne pourra \u00eatre tenue pour responsable des dommages directs et indirects caus\u00e9s au mat\u00e9riel de l\u2019utilisateur, lors de l\u2019acc\u00e8s au site <strong><a href=\"https:\/\/easyprof.com\">easyprof.com<\/a>.<\/strong><\/p><p><strong>MARIE-CHRISTINE JENE<\/strong> d\u00e9cline toute responsabilit\u00e9 quant \u00e0 l\u2019utilisation qui pourrait \u00eatre faite des informations et contenus pr\u00e9sents sur \u00a0<strong><a href=\"https:\/\/easyprof.com\">easyprof.com<\/a>.<\/strong><\/p><p><strong>MARIE-CHRISTINE JENE <\/strong>s\u2019engage \u00e0 s\u00e9curiser au mieux le site <strong><a href=\"https:\/\/easyprof.com\">easyprof.com<\/a>, <\/strong>cependant sa responsabilit\u00e9 ne pourra \u00eatre mise en cause si des donn\u00e9es ind\u00e9sirables sont import\u00e9es et install\u00e9es sur son site \u00e0 son insu.<\/p><p>Des espaces interactifs (espace contact ou commentaires) sont \u00e0 la disposition des utilisateurs. <strong>MARIE-CHRISTINE JENE <\/strong>se r\u00e9serve le droit de supprimer, sans mise en demeure pr\u00e9alable, tout contenu d\u00e9pos\u00e9 dans cet espace qui contreviendrait \u00e0 la l\u00e9gislation applicable en France, en particulier aux dispositions relatives \u00e0 la protection des donn\u00e9es.<\/p><p>Le cas \u00e9ch\u00e9ant, <strong>MARIE-CHRISTINE JENE<\/strong>\u00a0se r\u00e9serve \u00e9galement la possibilit\u00e9 de mettre en cause la responsabilit\u00e9 civile et\/ou p\u00e9nale de l\u2019utilisateur, notamment en cas de message \u00e0 caract\u00e8re raciste, injurieux, diffamant, ou pornographique, quel que soit le support utilis\u00e9 (texte, photographie \u2026).<\/p>\t\t\t\t\t\t\t\t<\/div>\n\t\t\t\t<\/div>\n\t\t\t\t\t<\/div>\n\t\t<\/div>\n\t\t\t\t\t<\/div>\n\t\t<\/section>\n\t\t\t\t<section class=\"elementor-section elementor-top-section elementor-element elementor-element-bb3b594 elementor-section-boxed elementor-section-height-default elementor-section-height-default\" data-id=\"bb3b594\" data-element_type=\"section\">\n\t\t\t\t\t\t<div class=\"elementor-container elementor-column-gap-default\">\n\t\t\t\t\t<div class=\"elementor-column elementor-col-100 elementor-top-column elementor-element elementor-element-3981321\" data-id=\"3981321\" data-element_type=\"column\">\n\t\t\t<div class=\"elementor-widget-wrap elementor-element-populated\">\n\t\t\t\t\t\t<div class=\"elementor-element elementor-element-0f4cc51 elementor-widget elementor-widget-heading\" data-id=\"0f4cc51\" data-element_type=\"widget\" data-widget_type=\"heading.default\">\n\t\t\t\t<div class=\"elementor-widget-container\">\n\t\t\t\t\t<h2 class=\"elementor-heading-title elementor-size-default\">4 \u2013 CNIL et gestion des donn\u00e9es personnelles.<\/h2>\t\t\t\t<\/div>\n\t\t\t\t<\/div>\n\t\t\t\t<div class=\"elementor-element elementor-element-8a296b7 elementor-widget elementor-widget-text-editor\" data-id=\"8a296b7\" data-element_type=\"widget\" data-widget_type=\"text-editor.default\">\n\t\t\t\t<div class=\"elementor-widget-container\">\n\t\t\t\t\t\t\t\t\t<p>Conform\u00e9ment aux dispositions de\u00a0<a href=\"https:\/\/www.legifrance.gouv.fr\/affichTexte.do?cidTexte=JORFTEXT000000886460\"><strong>la loi 78-17 du 6 janvier 1978 modifi\u00e9e<\/strong><\/a>, l\u2019utilisateur du site <strong><a href=\"https:\/\/easyprof.com\">easyprof.com<\/a><\/strong>\u00a0dispose d\u2019un droit d\u2019acc\u00e8s, de modification et de suppression des informations collect\u00e9es. Pour exercer ce droit, envoyez un message \u00e0 notre D\u00e9l\u00e9gu\u00e9 \u00e0 la Protection des Donn\u00e9es :\u00a0<\/p><p><strong>MARIE-CHRISTINE JENE <\/strong>\u2013 <strong><a href=\"mailto:sales@easyprof.com\"><span class=\"elementor-icon-list-text\">sales@easyprof.com<\/span><\/a><\/strong><\/p><p>Pour plus d\u2019informations sur la fa\u00e7on dont nous traitons vos donn\u00e9es (type de donn\u00e9es, finalit\u00e9, destinataire\u2026), lisez notre<b><a href=\"https:\/\/easyprof.com\/fr\/politique-de-confidentialite\/\"> https:\/\/easyprof.com\/fr\/politique-de-confidentialite\/<\/a>.<\/b><\/p>\t\t\t\t\t\t\t\t<\/div>\n\t\t\t\t<\/div>\n\t\t\t\t\t<\/div>\n\t\t<\/div>\n\t\t\t\t\t<\/div>\n\t\t<\/section>\n\t\t\t\t<section class=\"elementor-section elementor-top-section elementor-element elementor-element-533d9db elementor-section-boxed elementor-section-height-default elementor-section-height-default\" data-id=\"533d9db\" data-element_type=\"section\">\n\t\t\t\t\t\t<div class=\"elementor-container elementor-column-gap-default\">\n\t\t\t\t\t<div class=\"elementor-column elementor-col-100 elementor-top-column elementor-element elementor-element-506f120\" data-id=\"506f120\" data-element_type=\"column\">\n\t\t\t<div class=\"elementor-widget-wrap elementor-element-populated\">\n\t\t\t\t\t\t<div class=\"elementor-element elementor-element-eba27bd elementor-widget elementor-widget-heading\" data-id=\"eba27bd\" data-element_type=\"widget\" data-widget_type=\"heading.default\">\n\t\t\t\t<div class=\"elementor-widget-container\">\n\t\t\t\t\t<h2 class=\"elementor-heading-title elementor-size-default\">5 \u2013 Liens hypertextes et cookies.<\/h2>\t\t\t\t<\/div>\n\t\t\t\t<\/div>\n\t\t\t\t<div class=\"elementor-element elementor-element-13bebf5 elementor-widget elementor-widget-text-editor\" data-id=\"13bebf5\" data-element_type=\"widget\" data-widget_type=\"text-editor.default\">\n\t\t\t\t<div class=\"elementor-widget-container\">\n\t\t\t\t\t\t\t\t\t<p>Le site\u00a0<strong><a href=\"https:\/\/easyprof.com\">easyprof.com<\/a><\/strong> contient des liens hypertextes vers d\u2019autres sites et d\u00e9gage toute responsabilit\u00e9 \u00e0 propos de ces liens externes ou des liens cr\u00e9\u00e9s par d\u2019autres sites vers\u00a0<strong><a href=\"https:\/\/easyprof.com\">easyprof.com<\/a>.<\/strong><\/p><p>La navigation sur le site\u00a0<strong><a href=\"https:\/\/easyprof.com\">easyprof.com<\/a><\/strong>\u00a0est susceptible de provoquer l\u2019installation de cookie(s) sur l\u2019ordinateur de l\u2019utilisateur.<\/p><p>Un \u201ccookie\u201d est un fichier de petite taille qui enregistre des informations relatives \u00e0 la navigation d\u2019un utilisateur sur un site. Les donn\u00e9es ainsi obtenues permettent d\u2019obtenir des mesures de fr\u00e9quentation, par exemple.<\/p><p>Vous avez la possibilit\u00e9\u00a0<strong>d\u2019accepter ou de refuser les cookies<\/strong>\u00a0en modifiant les param\u00e8tres de votre navigateur ou en acc\u00e9dant \u00e0 la page<a href=\"https:\/\/easyprof.com\/fr\/politique-de-confidentialite\/\"><b> https:\/\/easyprof.com\/fr\/politique-de-confidentialite\/ <\/b><\/a>pour en savoir plus. Aucun cookie ne sera d\u00e9pos\u00e9 sans votre consentement.<\/p><p>Pour plus d\u2019informations sur la fa\u00e7on dont nous faisons usage des cookies, lisez notre <strong><a href=\"https:\/\/easyprof.com\/fr\/politique-de-confidentialite\">https:\/\/easyprof.com\/fr\/politique-de-confidentialite\/<\/a>.<\/strong><\/p>\t\t\t\t\t\t\t\t<\/div>\n\t\t\t\t<\/div>\n\t\t\t\t\t<\/div>\n\t\t<\/div>\n\t\t\t\t\t<\/div>\n\t\t<\/section>\n\t\t\t\t<section class=\"elementor-section elementor-top-section elementor-element elementor-element-e488fb1 elementor-section-boxed elementor-section-height-default elementor-section-height-default\" data-id=\"e488fb1\" data-element_type=\"section\">\n\t\t\t\t\t\t<div class=\"elementor-container elementor-column-gap-default\">\n\t\t\t\t\t<div class=\"elementor-column elementor-col-100 elementor-top-column elementor-element elementor-element-d85ea88\" data-id=\"d85ea88\" data-element_type=\"column\">\n\t\t\t<div class=\"elementor-widget-wrap elementor-element-populated\">\n\t\t\t\t\t\t<div class=\"elementor-element elementor-element-3cbfc60 elementor-widget elementor-widget-heading\" data-id=\"3cbfc60\" data-element_type=\"widget\" data-widget_type=\"heading.default\">\n\t\t\t\t<div class=\"elementor-widget-container\">\n\t\t\t\t\t<h2 class=\"elementor-heading-title elementor-size-default\">6 \u2013 Droit applicable et attribution de juridiction.<\/h2>\t\t\t\t<\/div>\n\t\t\t\t<\/div>\n\t\t\t\t<div class=\"elementor-element elementor-element-b4067ca elementor-widget elementor-widget-text-editor\" data-id=\"b4067ca\" data-element_type=\"widget\" data-widget_type=\"text-editor.default\">\n\t\t\t\t<div class=\"elementor-widget-container\">\n\t\t\t\t\t\t\t\t\t<p>Tout litige en relation avec l\u2019utilisation du site <a href=\"https:\/\/easyprof.com\"><strong>easyprof.com<\/strong><\/a>\u00a0est soumis au droit fran\u00e7ais. En dehors des cas o\u00f9 la loi ne le permet pas, il est fait attribution exclusive de juridiction aux tribunaux comp\u00e9tents de\u00a0<strong>Paris<\/strong>.<\/p><p>Pour plus d\u2019informations sur la fa\u00e7on dont nous utilisons, stockons et gardons vos donn\u00e9es personnelles en s\u00e9curit\u00e9, ainsi que des informations concernant les cookies veuillez consultez notre\u00a0<a href=\"https:\/\/easyprof.com\/fr\/politique-de-confidentialite\/\"><strong>Politique de confidentialit\u00e9<\/strong><\/a>.<\/p>\t\t\t\t\t\t\t\t<\/div>\n\t\t\t\t<\/div>\n\t\t\t\t\t<\/div>\n\t\t<\/div>\n\t\t\t\t\t<\/div>\n\t\t<\/section>\n\t\t\t\t<\/div>\n\t\t","protected":false},"excerpt":{"rendered":"<p>1 \u2013 \u00c9dition du site En vertu de&nbsp;l\u2019article 6 de la loi n\u00b0 2004-575 du 21 juin 2004&nbsp;pour la confiance dans l\u2019\u00e9conomie num\u00e9rique, il est pr\u00e9cis\u00e9 aux utilisateurs du site internet&nbsp;easyprof.com, l\u2019identit\u00e9 des diff\u00e9rents intervenants dans le cadre de sa r\u00e9alisation et de son suivi: Propri\u00e9taire du site : INNOVATIVE TRAINING ACADEMY&nbsp; Contact : sales@easyprof.com [&hellip;]<\/p>\n","protected":false},"author":88,"featured_media":67678,"parent":0,"menu_order":0,"comment_status":"closed","ping_status":"closed","template":"popup-page.php","meta":{"ocean_post_layout":"","ocean_both_sidebars_style":"","ocean_both_sidebars_content_width":0,"ocean_both_sidebars_sidebars_width":0,"ocean_sidebar":"0","ocean_second_sidebar":"0","ocean_disable_margins":"enable","ocean_add_body_class":"","ocean_shortcode_before_top_bar":"","ocean_shortcode_after_top_bar":"","ocean_shortcode_before_header":"","ocean_shortcode_after_header":"","ocean_has_shortcode":"","ocean_shortcode_after_title":"","ocean_shortcode_before_footer_widgets":"","ocean_shortcode_after_footer_widgets":"","ocean_shortcode_before_footer_bottom":"","ocean_shortcode_after_footer_bottom":"","ocean_display_top_bar":"default","ocean_display_header":"default","ocean_header_style":"","ocean_center_header_left_menu":"0","ocean_custom_header_template":"0","ocean_custom_logo":0,"ocean_custom_retina_logo":0,"ocean_custom_logo_max_width":0,"ocean_custom_logo_tablet_max_width":0,"ocean_custom_logo_mobile_max_width":0,"ocean_custom_logo_max_height":0,"ocean_custom_logo_tablet_max_height":0,"ocean_custom_logo_mobile_max_height":0,"ocean_header_custom_menu":"0","ocean_menu_typo_font_family":"0","ocean_menu_typo_font_subset":"","ocean_menu_typo_font_size":0,"ocean_menu_typo_font_size_tablet":0,"ocean_menu_typo_font_size_mobile":0,"ocean_menu_typo_font_size_unit":"px","ocean_menu_typo_font_weight":"","ocean_menu_typo_font_weight_tablet":"","ocean_menu_typo_font_weight_mobile":"","ocean_menu_typo_transform":"","ocean_menu_typo_transform_tablet":"","ocean_menu_typo_transform_mobile":"","ocean_menu_typo_line_height":0,"ocean_menu_typo_line_height_tablet":0,"ocean_menu_typo_line_height_mobile":0,"ocean_menu_typo_line_height_unit":"","ocean_menu_typo_spacing":0,"ocean_menu_typo_spacing_tablet":0,"ocean_menu_typo_spacing_mobile":0,"ocean_menu_typo_spacing_unit":"","ocean_menu_link_color":"","ocean_menu_link_color_hover":"","ocean_menu_link_color_active":"","ocean_menu_link_background":"","ocean_menu_link_hover_background":"","ocean_menu_link_active_background":"","ocean_menu_social_links_bg":"","ocean_menu_social_hover_links_bg":"","ocean_menu_social_links_color":"","ocean_menu_social_hover_links_color":"","ocean_disable_title":"default","ocean_disable_heading":"default","ocean_post_title":"","ocean_post_subheading":"","ocean_post_title_style":"","ocean_post_title_background_color":"","ocean_post_title_background":0,"ocean_post_title_bg_image_position":"","ocean_post_title_bg_image_attachment":"","ocean_post_title_bg_image_repeat":"","ocean_post_title_bg_image_size":"","ocean_post_title_height":0,"ocean_post_title_bg_overlay":0.5,"ocean_post_title_bg_overlay_color":"","ocean_disable_breadcrumbs":"default","ocean_breadcrumbs_color":"","ocean_breadcrumbs_separator_color":"","ocean_breadcrumbs_links_color":"","ocean_breadcrumbs_links_hover_color":"","ocean_display_footer_widgets":"default","ocean_display_footer_bottom":"default","ocean_custom_footer_template":"0","footnotes":""},"class_list":["post-67650","page","type-page","status-publish","has-post-thumbnail","hentry","entry","has-media","owp-thumbs-layout-horizontal","owp-btn-normal","owp-tabs-layout-horizontal","has-no-thumbnails","has-product-nav"],"_links":{"self":[{"href":"https:\/\/www.easyprof.com\/fr\/wp-json\/wp\/v2\/pages\/67650","targetHints":{"allow":["GET"]}}],"collection":[{"href":"https:\/\/www.easyprof.com\/fr\/wp-json\/wp\/v2\/pages"}],"about":[{"href":"https:\/\/www.easyprof.com\/fr\/wp-json\/wp\/v2\/types\/page"}],"author":[{"embeddable":true,"href":"https:\/\/www.easyprof.com\/fr\/wp-json\/wp\/v2\/users\/88"}],"replies":[{"embeddable":true,"href":"https:\/\/www.easyprof.com\/fr\/wp-json\/wp\/v2\/comments?post=67650"}],"version-history":[{"count":17,"href":"https:\/\/www.easyprof.com\/fr\/wp-json\/wp\/v2\/pages\/67650\/revisions"}],"predecessor-version":[{"id":67682,"href":"https:\/\/www.easyprof.com\/fr\/wp-json\/wp\/v2\/pages\/67650\/revisions\/67682"}],"wp:featuredmedia":[{"embeddable":true,"href":"https:\/\/www.easyprof.com\/fr\/wp-json\/wp\/v2\/media\/67678"}],"wp:attachment":[{"href":"https:\/\/www.easyprof.com\/fr\/wp-json\/wp\/v2\/media?parent=67650"}],"curies":[{"name":"wp","href":"https:\/\/api.w.org\/{rel}","templated":true}]}}