{"id":63234,"date":"2021-09-07T10:56:38","date_gmt":"2021-09-07T09:56:38","guid":{"rendered":"https:\/\/dev.easyprof.com\/politique-de-cookies\/"},"modified":"2023-02-16T01:31:31","modified_gmt":"2023-02-16T00:31:31","slug":"politique-de-cookies","status":"publish","type":"page","link":"https:\/\/www.easyprof.com\/fr\/politique-de-cookies\/","title":{"rendered":"Politique de cookies"},"content":{"rendered":"\t\t<div data-elementor-type=\"wp-page\" data-elementor-id=\"63234\" class=\"elementor elementor-63234 elementor-63079\" data-elementor-post-type=\"page\">\n\t\t\t\t\t\t<section class=\"elementor-section elementor-top-section elementor-element elementor-element-2522b04 elementor-section-boxed elementor-section-height-default elementor-section-height-default\" data-id=\"2522b04\" data-element_type=\"section\">\n\t\t\t\t\t\t<div class=\"elementor-container elementor-column-gap-default\">\n\t\t\t\t\t<div class=\"elementor-column elementor-col-100 elementor-top-column elementor-element elementor-element-1bc97bf\" data-id=\"1bc97bf\" data-element_type=\"column\">\n\t\t\t<div class=\"elementor-widget-wrap elementor-element-populated\">\n\t\t\t\t\t\t<div class=\"elementor-element elementor-element-82c9a17 elementor-widget elementor-widget-text-editor\" data-id=\"82c9a17\" data-element_type=\"widget\" data-widget_type=\"text-editor.default\">\n\t\t\t\t<div class=\"elementor-widget-container\">\n\t\t\t\t\t\t\t\t\t<p>\u00c0 Innovative Training Academy, nous utilisons des cookies pour mieux vous servir et vous offrir une meilleure exp\u00e9rience de navigation.<\/p>\n<p>Nous souhaitons vous informer de mani\u00e8re claire et pr\u00e9cise sur les cookies que nous utilisons, en pr\u00e9cisant ci-dessous, ce qu&rsquo;est un cookie et son contenu, les types de cookies utilis\u00e9s sur le Web et comment les d\u00e9sactiver si vous le souhaitez.<\/p>\n<p><strong>POURQUOI UTILISE-T-ON DES COOKIES ?<\/strong><br \/>\nLorsque vous visitez les sites Web, nous pouvons placer un certain nombre de cookies dans votre navigateur. Par exemple, nous utilisons les cookies sur les sites Web pour comprendre les pr\u00e9f\u00e9rences des visiteurs et des utilisateurs, am\u00e9liorer leur exp\u00e9rience, suivre et analyser l&rsquo;utilisation, ainsi que la navigation et d&rsquo;autres informations statistiques. Vous pouvez contr\u00f4ler l&rsquo;utilisation des cookies au niveau du navigateur individuel. Si vous d\u00e9sactivez les cookies, vous pouvez toujours visiter les sites Web, mais votre capacit\u00e9 \u00e0 utiliser certaines fonctions ou zones des sites Web peut \u00eatre limit\u00e9e.<\/p>\n<p><strong>COMMENT D\u00c9SACTIVER LES COOKIES DANS VOTRE NAVIGATEUR ?<\/strong><br \/>\nPour autoriser, conna\u00eetre, bloquer ou \u00e9liminer les cookies install\u00e9s sur votre ordinateur, vous pouvez le faire en configurant les options du navigateur install\u00e9 sur votre ordinateur.<\/p>\n<ul>\n<li><strong>Chrome<\/strong>, https:\/\/support.google.com\/chrome\/answer\/95647?hl=en<\/li>\n<li><strong>Internet Explorer<\/strong>, https:\/\/support.microsoft.com\/en-us\/help\/17442\/windows-internet-explorer-delete-manage-cookies<\/li>\n<li><strong>Firefox<\/strong>, https:\/\/support.mozilla.org\/en\/kb\/activate-deactivate-cookies-preferences<\/li>\n<li><strong>Safari<\/strong>, http:\/\/support.apple.com\/kb\/ph5042<\/li>\n<\/ul>\n\t\t\t\t\t\t\t\t<\/div>\n\t\t\t\t<\/div>\n\t\t\t\t\t<\/div>\n\t\t<\/div>\n\t\t\t\t\t<\/div>\n\t\t<\/section>\n\t\t\t\t<\/div>\n\t\t","protected":false},"excerpt":{"rendered":"<p>\u00c0 Innovative Training Academy, nous utilisons des cookies pour mieux vous servir et vous offrir une meilleure exp\u00e9rience de navigation. Nous souhaitons vous informer de mani\u00e8re claire et pr\u00e9cise sur les cookies que nous utilisons, en pr\u00e9cisant ci-dessous, ce qu&rsquo;est un cookie et son contenu, les types de cookies utilis\u00e9s sur le Web et comment [&hellip;]<\/p>\n","protected":false},"author":88,"featured_media":67678,"parent":0,"menu_order":0,"comment_status":"closed","ping_status":"closed","template":"","meta":{"ocean_post_layout":"","ocean_both_sidebars_style":"","ocean_both_sidebars_content_width":0,"ocean_both_sidebars_sidebars_width":0,"ocean_sidebar":"0","ocean_second_sidebar":"0","ocean_disable_margins":"enable","ocean_add_body_class":"","ocean_shortcode_before_top_bar":"","ocean_shortcode_after_top_bar":"","ocean_shortcode_before_header":"","ocean_shortcode_after_header":"","ocean_has_shortcode":"","ocean_shortcode_after_title":"","ocean_shortcode_before_footer_widgets":"","ocean_shortcode_after_footer_widgets":"","ocean_shortcode_before_footer_bottom":"","ocean_shortcode_after_footer_bottom":"","ocean_display_top_bar":"default","ocean_display_header":"default","ocean_header_style":"","ocean_center_header_left_menu":"0","ocean_custom_header_template":"0","ocean_custom_logo":0,"ocean_custom_retina_logo":0,"ocean_custom_logo_max_width":0,"ocean_custom_logo_tablet_max_width":0,"ocean_custom_logo_mobile_max_width":0,"ocean_custom_logo_max_height":0,"ocean_custom_logo_tablet_max_height":0,"ocean_custom_logo_mobile_max_height":0,"ocean_header_custom_menu":"0","ocean_menu_typo_font_family":"0","ocean_menu_typo_font_subset":"","ocean_menu_typo_font_size":0,"ocean_menu_typo_font_size_tablet":0,"ocean_menu_typo_font_size_mobile":0,"ocean_menu_typo_font_size_unit":"px","ocean_menu_typo_font_weight":"","ocean_menu_typo_font_weight_tablet":"","ocean_menu_typo_font_weight_mobile":"","ocean_menu_typo_transform":"","ocean_menu_typo_transform_tablet":"","ocean_menu_typo_transform_mobile":"","ocean_menu_typo_line_height":0,"ocean_menu_typo_line_height_tablet":0,"ocean_menu_typo_line_height_mobile":0,"ocean_menu_typo_line_height_unit":"","ocean_menu_typo_spacing":0,"ocean_menu_typo_spacing_tablet":0,"ocean_menu_typo_spacing_mobile":0,"ocean_menu_typo_spacing_unit":"","ocean_menu_link_color":"","ocean_menu_link_color_hover":"","ocean_menu_link_color_active":"","ocean_menu_link_background":"","ocean_menu_link_hover_background":"","ocean_menu_link_active_background":"","ocean_menu_social_links_bg":"","ocean_menu_social_hover_links_bg":"","ocean_menu_social_links_color":"","ocean_menu_social_hover_links_color":"","ocean_disable_title":"default","ocean_disable_heading":"default","ocean_post_title":"","ocean_post_subheading":"","ocean_post_title_style":"","ocean_post_title_background_color":"","ocean_post_title_background":0,"ocean_post_title_bg_image_position":"","ocean_post_title_bg_image_attachment":"","ocean_post_title_bg_image_repeat":"","ocean_post_title_bg_image_size":"","ocean_post_title_height":0,"ocean_post_title_bg_overlay":0.5,"ocean_post_title_bg_overlay_color":"","ocean_disable_breadcrumbs":"default","ocean_breadcrumbs_color":"","ocean_breadcrumbs_separator_color":"","ocean_breadcrumbs_links_color":"","ocean_breadcrumbs_links_hover_color":"","ocean_display_footer_widgets":"default","ocean_display_footer_bottom":"default","ocean_custom_footer_template":"0","footnotes":""},"class_list":["post-63234","page","type-page","status-publish","has-post-thumbnail","hentry","entry","has-media","owp-thumbs-layout-horizontal","owp-btn-normal","owp-tabs-layout-horizontal","has-no-thumbnails","has-product-nav"],"_links":{"self":[{"href":"https:\/\/www.easyprof.com\/fr\/wp-json\/wp\/v2\/pages\/63234","targetHints":{"allow":["GET"]}}],"collection":[{"href":"https:\/\/www.easyprof.com\/fr\/wp-json\/wp\/v2\/pages"}],"about":[{"href":"https:\/\/www.easyprof.com\/fr\/wp-json\/wp\/v2\/types\/page"}],"author":[{"embeddable":true,"href":"https:\/\/www.easyprof.com\/fr\/wp-json\/wp\/v2\/users\/88"}],"replies":[{"embeddable":true,"href":"https:\/\/www.easyprof.com\/fr\/wp-json\/wp\/v2\/comments?post=63234"}],"version-history":[{"count":1,"href":"https:\/\/www.easyprof.com\/fr\/wp-json\/wp\/v2\/pages\/63234\/revisions"}],"predecessor-version":[{"id":67687,"href":"https:\/\/www.easyprof.com\/fr\/wp-json\/wp\/v2\/pages\/63234\/revisions\/67687"}],"wp:featuredmedia":[{"embeddable":true,"href":"https:\/\/www.easyprof.com\/fr\/wp-json\/wp\/v2\/media\/67678"}],"wp:attachment":[{"href":"https:\/\/www.easyprof.com\/fr\/wp-json\/wp\/v2\/media?parent=63234"}],"curies":[{"name":"wp","href":"https:\/\/api.w.org\/{rel}","templated":true}]}}